{"id":50,"date":"2014-08-11T17:03:28","date_gmt":"2014-08-11T15:03:28","guid":{"rendered":"http:\/\/vm01hm.cloudapp.net\/?page_id=50"},"modified":"2026-03-24T17:12:17","modified_gmt":"2026-03-24T15:12:17","slug":"start","status":"publish","type":"page","link":"https:\/\/www.haushima.de\/","title":{"rendered":"Ferienwohnung auf Borkum"},"content":{"rendered":"<h2 style=\"text-align: center;\"><span style=\"font-family: Comic Sans MS, sans-serif; color: #ff0000;\"><strong>\u00a0<span style=\"color: #000000;\">Wir<\/span><\/strong><\/span><span style=\"font-family: Comic Sans MS, sans-serif;\"><strong><span style=\"color: #000000;\">\u00a0<\/span>hei\u00dfen Sie herzlich Willkommen auf der Webseite von Haus Hima<br \/>\n<\/strong><\/span><\/h2>\n<ul>\n<li><span style=\"font-family: Comic Sans MS, sans-serif;\"><em>Die Ferienwohnungen &#8222;Trientje&#8220; und &#8222;Willm&#8220; ( ca. 47qm ) liegen in sehr ruhiger, zentraler Lage, ca. 850m vom S\u00fcdstrand entfernt in der S\u00fcderreihe 26.<\/em><\/span><\/li>\n<li><span style=\"font-family: Comic Sans MS, sans-serif;\"><em>Die Wohnungen verf\u00fcgen \u00fcber Satelliten-TV, kostenlosen Internetzugang (W-LAN), F\u00f6n und\u00a0 separate K\u00fcchen mit Elektroherd, Backofen, Sp\u00fclmaschine, Mikrowelle, Wasserkocher, Kaffeemaschine.<br \/>\n<\/em><\/span><\/li>\n<li><span style=\"font-family: Comic Sans MS, sans-serif;\"><em>Einstellpl\u00e4tze f\u00fcr Fahrr\u00e4der und Carports f\u00fcr Pkw befinden sich direkt am Haus.<\/em><\/span><\/li>\n<li><span style=\"font-family: Comic Sans MS, sans-serif;\"><em>Eine Terrasse mit Gartenm\u00f6beln steht allen G\u00e4sten zur Verf\u00fcgung.<\/em><\/span><\/li>\n<li><span style=\"font-family: Comic Sans MS, sans-serif;\"><em>Haustiere nehmen wir nicht auf.<\/em><\/span><\/li>\n<\/ul>\n<p style=\"text-align: center;\"><strong><span style=\"font-family: Comic Sans MS, sans-serif; font-size: 12pt;\">Wir w\u00fcrden uns freuen, Sie in den Wohnungen\u00a0 \u00a0 \u00a0 \u00a0 \u00a0 \u00a0 \u00a0 \u00a0 \u00a0 \u00a0 \u00a0 \u00a0 \u00a0 \u00a0 \u00a0 \u00a0 \u00a0 &#8222;Trientje&#8220; oder &#8222;Willm&#8220; begr\u00fc\u00dfen zu d\u00fcrfen.<\/span><\/strong><\/p>\n<p style=\"text-align: left;\"><span style=\"font-family: Comic Sans MS, sans-serif; font-size: 12pt;\">Vermietung \u00fcber:\u00a0 \u00a0 \u00a0 \u00a0 \u00a0Vermietungsagentur Andrea B\u00fcnzow<\/span><br \/>\n<span style=\"font-family: Comic Sans MS, sans-serif; font-size: 12pt;\">\u00a0 \u00a0 \u00a0 \u00a0 \u00a0 \u00a0 \u00a0 \u00a0 \u00a0 \u00a0 \u00a0 \u00a0 \u00a0 \u00a0 \u00a0 \u00a0 \u00a0 \u00a0 Wilhelm-Bakker-Stra\u00dfe 30<\/span><br \/>\n<span style=\"font-family: Comic Sans MS, sans-serif; font-size: 12pt;\">\u00a0 \u00a0 \u00a0 \u00a0 \u00a0 \u00a0 \u00a0 \u00a0 \u00a0 \u00a0 \u00a0 \u00a0 \u00a0 \u00a0 \u00a0 \u00a0 \u00a0 \u00a0 26757 Borkum <\/span><br \/>\n<span style=\"font-family: Comic Sans MS, sans-serif; font-size: 12pt;\">\u00a0 \u00a0 \u00a0 \u00a0 \u00a0 \u00a0 \u00a0 \u00a0 \u00a0 \u00a0 \u00a0 \u00a0 \u00a0 \u00a0 \u00a0 \u00a0 \u00a0 \u00a0 +49 (0) 4922 1010<\/span><br \/>\n<span style=\"font-family: Comic Sans MS, sans-serif; font-size: 12pt;\">\u00a0 \u00a0 \u00a0 \u00a0 \u00a0 \u00a0 \u00a0 \u00a0 \u00a0 \u00a0 \u00a0 \u00a0 \u00a0 \u00a0 \u00a0 \u00a0 \u00a0 \u00a0 borkum@t-online.de<\/span><\/p>\n<p style=\"text-align: left;\"><span style=\"font-family: Comic Sans MS, sans-serif; font-size: 12pt;\">\u00a0 \u00a0 \u00a0 \u00a0 \u00a0 \u00a0 \u00a0 \u00a0 \u00a0 \u00a0 \u00a0 \u00a0 \u00a0 \u00a0 \u00a0 \u00a0 \u00a0 \u00a0 www.borkum-urlaub.de<\/span><\/p>\n<p><span style=\"font-family: Comic Sans MS, sans-serif; font-size: 12pt;\">\u00a0 \u00a0 \u00a0 \u00a0 \u00a0 \u00a0 \u00a0B\u00fcrozeiten: <\/span><span style=\"font-family: Comic Sans MS, sans-serif; font-size: 12pt;\">9:00 \u2013 12:00 Uhr<\/span><\/p>\n<p>&nbsp;<\/p>\n<p style=\"text-align: center;\"><span style=\"font-family: Comic Sans MS, sans-serif; font-size: 12pt; color: #333333;\"><strong>\u00a0<\/strong><\/span><\/p>\n<p>&nbsp;<\/p>\n<p>&nbsp;<\/p>\n<p>&nbsp;<\/p>\n<p>&nbsp;<\/p>\n<p style=\"text-align: left;\"><strong><span style=\"font-size: 12pt; color: #ff0000;\"><span style=\"font-family: Comic Sans MS, sans-serif;\"><br \/>\n<\/span><\/span> <\/strong><\/p>\n<h6 style=\"text-align: center;\"><\/h6>\n<h2 style=\"text-align: center;\"><span style=\"color: #ff0000; font-size: 10pt;\"><strong>\u00a0<\/strong><\/span><\/h2>\n<p>&nbsp;<\/p>\n<p>&nbsp;<\/p>\n<p><span style=\"color: #ff0000;\">\u00a0<\/span><strong><span style=\"color: #ff0000;\"><br \/>\n<\/span><\/strong><\/p>\n","protected":false},"excerpt":{"rendered":"<p>\u00a0Wir\u00a0hei\u00dfen Sie herzlich Willkommen auf der Webseite von Haus Hima Die Ferienwohnungen &#8222;Trientje&#8220; und &#8222;Willm&#8220; ( ca. 47qm ) liegen in sehr ruhiger, zentraler Lage, ca. 850m vom S\u00fcdstrand entfernt in der S\u00fcderreihe 26. Die Wohnungen verf\u00fcgen \u00fcber Satelliten-TV, kostenlosen Internetzugang (W-LAN), F\u00f6n und\u00a0 separate K\u00fcchen mit Elektroherd, Backofen, Sp\u00fclmaschine, Mikrowelle, Wasserkocher, Kaffeemaschine. Einstellpl\u00e4tze f\u00fcr [&hellip;]<\/p>\n","protected":false},"author":1,"featured_media":0,"parent":0,"menu_order":0,"comment_status":"closed","ping_status":"closed","template":"","meta":{"footnotes":""},"class_list":["post-50","page","type-page","status-publish","hentry"],"_links":{"self":[{"href":"https:\/\/www.haushima.de\/index.php?rest_route=\/wp\/v2\/pages\/50","targetHints":{"allow":["GET"]}}],"collection":[{"href":"https:\/\/www.haushima.de\/index.php?rest_route=\/wp\/v2\/pages"}],"about":[{"href":"https:\/\/www.haushima.de\/index.php?rest_route=\/wp\/v2\/types\/page"}],"author":[{"embeddable":true,"href":"https:\/\/www.haushima.de\/index.php?rest_route=\/wp\/v2\/users\/1"}],"replies":[{"embeddable":true,"href":"https:\/\/www.haushima.de\/index.php?rest_route=%2Fwp%2Fv2%2Fcomments&post=50"}],"version-history":[{"count":139,"href":"https:\/\/www.haushima.de\/index.php?rest_route=\/wp\/v2\/pages\/50\/revisions"}],"predecessor-version":[{"id":1861,"href":"https:\/\/www.haushima.de\/index.php?rest_route=\/wp\/v2\/pages\/50\/revisions\/1861"}],"wp:attachment":[{"href":"https:\/\/www.haushima.de\/index.php?rest_route=%2Fwp%2Fv2%2Fmedia&parent=50"}],"curies":[{"name":"wp","href":"https:\/\/api.w.org\/{rel}","templated":true}]}}