{"id":72,"date":"2014-08-11T17:26:43","date_gmt":"2014-08-11T15:26:43","guid":{"rendered":"http:\/\/vm01hm.cloudapp.net\/?page_id=72"},"modified":"2025-03-15T11:26:19","modified_gmt":"2025-03-15T09:26:19","slug":"anfahrt-2","status":"publish","type":"page","link":"https:\/\/www.haushima.de\/?page_id=72","title":{"rendered":"Anfahrt"},"content":{"rendered":"<p><strong>Die F\u00e4hrzeiten:<\/strong><\/p>\n<p>Sie erreichen die Insel Borkum \u00fcber die F\u00e4hrh\u00e4fen Emden (D) oder Eemshaven (NL):<\/p>\n<p><a href=\"http:\/\/www.ag-ems.de\/faehrfahrten\/fahrplan-faehrverkehr.html\" target=\"_blank\" rel=\"noopener\">www.ag-ems.de<\/a><\/p>\n<p><strong>Standort der Ferienwohnungen:<\/strong><\/p>\n","protected":false},"excerpt":{"rendered":"<p>Die F\u00e4hrzeiten: Sie erreichen die Insel Borkum \u00fcber die F\u00e4hrh\u00e4fen Emden (D) oder Eemshaven (NL): www.ag-ems.de Standort der Ferienwohnungen:<\/p>\n","protected":false},"author":1,"featured_media":0,"parent":0,"menu_order":0,"comment_status":"closed","ping_status":"closed","template":"","meta":{"footnotes":""},"class_list":["post-72","page","type-page","status-publish","hentry"],"_links":{"self":[{"href":"https:\/\/www.haushima.de\/index.php?rest_route=\/wp\/v2\/pages\/72","targetHints":{"allow":["GET"]}}],"collection":[{"href":"https:\/\/www.haushima.de\/index.php?rest_route=\/wp\/v2\/pages"}],"about":[{"href":"https:\/\/www.haushima.de\/index.php?rest_route=\/wp\/v2\/types\/page"}],"author":[{"embeddable":true,"href":"https:\/\/www.haushima.de\/index.php?rest_route=\/wp\/v2\/users\/1"}],"replies":[{"embeddable":true,"href":"https:\/\/www.haushima.de\/index.php?rest_route=%2Fwp%2Fv2%2Fcomments&post=72"}],"version-history":[{"count":10,"href":"https:\/\/www.haushima.de\/index.php?rest_route=\/wp\/v2\/pages\/72\/revisions"}],"predecessor-version":[{"id":1807,"href":"https:\/\/www.haushima.de\/index.php?rest_route=\/wp\/v2\/pages\/72\/revisions\/1807"}],"wp:attachment":[{"href":"https:\/\/www.haushima.de\/index.php?rest_route=%2Fwp%2Fv2%2Fmedia&parent=72"}],"curies":[{"name":"wp","href":"https:\/\/api.w.org\/{rel}","templated":true}]}}