{"id":89,"date":"2014-08-11T18:27:52","date_gmt":"2014-08-11T16:27:52","guid":{"rendered":"http:\/\/vm01hm.cloudapp.net\/?page_id=89"},"modified":"2026-03-08T18:28:08","modified_gmt":"2026-03-08T16:28:08","slug":"impressum","status":"publish","type":"page","link":"https:\/\/www.haushima.de\/?page_id=89","title":{"rendered":"Impressum"},"content":{"rendered":"<p>Anschrift:<br \/>\nAnneliese Michaelsen<br \/>\nS\u00fcderreihe 30<br \/>\n26757 Borkum<br \/>\nTelefon\u00a0 04922 2264<br \/>\ninfo@haushima.de<\/p>\n<p>Alle Rechte vorbehalten. Text, Bilder, Grafiken sowie deren Anordnung auf diesen Web-Seiten unterliegen dem Schutz des Urheberrechts und anderer Schutzgesetze.<br \/>\nDer Inhalt dieser Web-Seiten darf nur nach vorheriger Genehmigung zu kommerziellen Zwecken kopiert und verbreitet werden. Einige Webseiten dieser Homepage enthalten au\u00dferdem Bilder, die dem Copyright Dritter unterliegen.<\/p>\n<p>Allgemeine Hinweise:<br \/>\nAnneliese Michaelsen pr\u00fcft und aktualisiert die Informationen auf diesen Webseiten regelm\u00e4\u00dfig. Trotz aller Sorgfalt k\u00f6nnen sich die Daten zwischenzeitlich ver\u00e4ndert haben. Eine Haftung oder Garantie f\u00fcr die Aktualit\u00e4t, Richtigkeit und Vollst\u00e4ndigkeit der Informationen kann daher nicht \u00fcbernommen werden. Diese Website enth\u00e4lt Verweise auf Websites, die von Dritten eingerichtet wurden.<br \/>\nIch habe keinerlei Kontrolle \u00fcber diese Websites und die dort angebotenen Informationen, Waren oder Dienstleistungen. Ich \u00fcbernehme daher keinerlei Verantwortung, aus welchem Rechtsgrund auch immer, f\u00fcr den Inhalt der Websites Dritter.<br \/>\nIch behalte mir das Recht vor, die auf dieser Website angebotenen Informationen, Preislisten oder Verf\u00fcgbarkeit der Wohnungen ohne gesonderte Ank\u00fcndigung jederzeit zu ver\u00e4ndern oder zu aktualisieren. F\u00fcr gegebenenfalls bestehende oder k\u00fcnftig entstehende Rechtsverh\u00e4ltnisse ist ausschlie\u00dflich deutsches Recht anwendbar und sind nur deutsche Gerichte zust\u00e4ndig.<\/p>\n<p>Hier finden Sie die Datenschutzerkl\u00e4rung der EU-Datenschutzgrundverordnung (DSGVO): <a href=\"https:\/\/www.borkum-aktuell.de\/common\/info\/datenschutzerklaerung.html\">Datenschutzerkl\u00e4rung<\/a><\/p>\n<p>Hinweis zur Online-Streitbeilegung gem\u00e4\u00df Art. 14 Abs. 1 ODR-VO: Die Europ\u00e4ische Kommission stellt eine Plattform zur Online-Streitbeilegung (OS) bereit, die Sie unter <a href=\"https:\/\/ec.europa.eu\/consumers\/odr\/\" target=\"_blank\" rel=\"noopener\">https:\/\/ec.europa.eu\/consumers\/odr\/ <\/a>finden.<\/p>\n<p>HAFTUNGSAUSSCHLUSS (DISCLAIMER)<\/p>\n<p>&nbsp;<\/p>\n","protected":false},"excerpt":{"rendered":"<p>Anschrift: Anneliese Michaelsen S\u00fcderreihe 30 26757 Borkum Telefon\u00a0 04922 2264 info@haushima.de Alle Rechte vorbehalten. Text, Bilder, Grafiken sowie deren Anordnung auf diesen Web-Seiten unterliegen dem Schutz des Urheberrechts und anderer Schutzgesetze. Der Inhalt dieser Web-Seiten darf nur nach vorheriger Genehmigung zu kommerziellen Zwecken kopiert und verbreitet werden. Einige Webseiten dieser Homepage enthalten au\u00dferdem Bilder, die [&hellip;]<\/p>\n","protected":false},"author":1,"featured_media":0,"parent":0,"menu_order":0,"comment_status":"closed","ping_status":"closed","template":"","meta":{"footnotes":""},"class_list":["post-89","page","type-page","status-publish","hentry"],"_links":{"self":[{"href":"https:\/\/www.haushima.de\/index.php?rest_route=\/wp\/v2\/pages\/89","targetHints":{"allow":["GET"]}}],"collection":[{"href":"https:\/\/www.haushima.de\/index.php?rest_route=\/wp\/v2\/pages"}],"about":[{"href":"https:\/\/www.haushima.de\/index.php?rest_route=\/wp\/v2\/types\/page"}],"author":[{"embeddable":true,"href":"https:\/\/www.haushima.de\/index.php?rest_route=\/wp\/v2\/users\/1"}],"replies":[{"embeddable":true,"href":"https:\/\/www.haushima.de\/index.php?rest_route=%2Fwp%2Fv2%2Fcomments&post=89"}],"version-history":[{"count":21,"href":"https:\/\/www.haushima.de\/index.php?rest_route=\/wp\/v2\/pages\/89\/revisions"}],"predecessor-version":[{"id":1818,"href":"https:\/\/www.haushima.de\/index.php?rest_route=\/wp\/v2\/pages\/89\/revisions\/1818"}],"wp:attachment":[{"href":"https:\/\/www.haushima.de\/index.php?rest_route=%2Fwp%2Fv2%2Fmedia&parent=89"}],"curies":[{"name":"wp","href":"https:\/\/api.w.org\/{rel}","templated":true}]}}